{"id":57,"date":"2024-06-18T11:19:33","date_gmt":"2024-06-18T09:19:33","guid":{"rendered":"https:\/\/slategrey-mosquito-607624.hostingersite.com\/?page_id=57"},"modified":"2025-10-14T14:08:15","modified_gmt":"2025-10-14T12:08:15","slug":"our-commitments","status":"publish","type":"page","link":"https:\/\/apg.audio\/en\/nos-engagements\/","title":{"rendered":"Our commitments"},"content":{"rendered":"<div data-elementor-type=\"wp-page\" data-elementor-id=\"57\" class=\"elementor elementor-57\" data-elementor-post-type=\"page\">\n\t\t\t\t\t\t<section class=\"elementor-section elementor-top-section elementor-element elementor-element-c36a60a elementor-section-height-min-height elementor-section-boxed elementor-section-height-default elementor-section-items-middle\" data-id=\"c36a60a\" data-element_type=\"section\" data-e-type=\"section\" data-settings=\"{&quot;background_background&quot;:&quot;classic&quot;}\">\n\t\t\t\t\t\t<div class=\"elementor-container elementor-column-gap-default\">\n\t\t\t\t\t<div class=\"elementor-column elementor-col-100 elementor-top-column elementor-element elementor-element-6443d184\" data-id=\"6443d184\" data-element_type=\"column\" data-e-type=\"column\">\n\t\t\t<div class=\"elementor-widget-wrap elementor-element-populated\">\n\t\t\t\t\t\t<div class=\"elementor-element elementor-element-2208b76 elementor-widget elementor-widget-heading\" data-id=\"2208b76\" data-element_type=\"widget\" data-e-type=\"widget\" data-widget_type=\"heading.default\">\n\t\t\t\t<div class=\"elementor-widget-container\">\n\t\t\t\t\t<h2 class=\"elementor-heading-title elementor-size-default\">OUR VALUES, OUR COMMITMENTS<\/h2>\t\t\t\t<\/div>\n\t\t\t\t<\/div>\n\t\t\t\t\t<\/div>\n\t\t<\/div>\n\t\t\t\t\t<\/div>\n\t\t<\/section>\n\t\t\t\t<section class=\"elementor-section elementor-top-section elementor-element elementor-element-818270b elementor-section-full_width elementor-section-height-default elementor-section-height-default\" data-id=\"818270b\" data-element_type=\"section\" data-e-type=\"section\">\n\t\t\t\t\t\t<div class=\"elementor-container elementor-column-gap-default\">\n\t\t\t\t\t<div class=\"elementor-column elementor-col-50 elementor-top-column elementor-element elementor-element-f3a0a70\" data-id=\"f3a0a70\" data-element_type=\"column\" data-e-type=\"column\">\n\t\t\t<div class=\"elementor-widget-wrap elementor-element-populated\">\n\t\t\t\t\t\t<div class=\"elementor-element elementor-element-91f095c elementor-widget elementor-widget-heading\" data-id=\"91f095c\" data-element_type=\"widget\" data-e-type=\"widget\" data-widget_type=\"heading.default\">\n\t\t\t\t<div class=\"elementor-widget-container\">\n\t\t\t\t\t<h2 class=\"elementor-heading-title elementor-size-default\">sustainable development at the heart of our strategy<\/h2>\t\t\t\t<\/div>\n\t\t\t\t<\/div>\n\t\t\t\t<div class=\"elementor-element elementor-element-dcd54b7 elementor-widget elementor-widget-text-editor\" data-id=\"dcd54b7\" data-element_type=\"widget\" data-e-type=\"widget\" data-widget_type=\"text-editor.default\">\n\t\t\t\t<div class=\"elementor-widget-container\">\n\t\t\t\t\t\t\t\t\t<p>\"Sustainable development is central to the values of Arbane Groupe, a French designer and manufacturer of public address systems.\u00a0<\/p><p>Thinking long term rather than short term gain is a necessity for humanity, for business and for people.<\/p><p>On a personal level, I apply this rule in all my decisions and actions, whether they concern the life of my company or my personal life. I run Arbane Groupe like my own life, with balance, fairness, passion and common sense.\u00a0<\/p><p>I am committed to ensuring that Arbane Groupe's sound systems make a lasting contribution to the well-being, emotions and comfort of the entire population.<\/p><p><strong>Regis CAZIN, Chairman Arbane Groupe - APG - Active Audio<\/strong><\/p>\t\t\t\t\t\t\t\t<\/div>\n\t\t\t\t<\/div>\n\t\t\t\t\t<\/div>\n\t\t<\/div>\n\t\t\t\t<div class=\"elementor-column elementor-col-50 elementor-top-column elementor-element elementor-element-ee81254\" data-id=\"ee81254\" data-element_type=\"column\" data-e-type=\"column\" data-settings=\"{&quot;background_background&quot;:&quot;classic&quot;}\">\n\t\t\t<div class=\"elementor-widget-wrap elementor-element-populated\">\n\t\t\t\t\t\t<div class=\"elementor-element elementor-element-f784b3c elementor-widget elementor-widget-spacer\" data-id=\"f784b3c\" data-element_type=\"widget\" data-e-type=\"widget\" data-widget_type=\"spacer.default\">\n\t\t\t\t<div class=\"elementor-widget-container\">\n\t\t\t\t\t\t\t<div class=\"elementor-spacer\">\n\t\t\t<div class=\"elementor-spacer-inner\"><\/div>\n\t\t<\/div>\n\t\t\t\t\t\t<\/div>\n\t\t\t\t<\/div>\n\t\t\t\t\t<\/div>\n\t\t<\/div>\n\t\t\t\t\t<\/div>\n\t\t<\/section>\n\t\t\t\t<section class=\"elementor-section elementor-top-section elementor-element elementor-element-6ae5200 elementor-section-full_width elementor-reverse-mobile elementor-section-height-default elementor-section-height-default\" data-id=\"6ae5200\" data-element_type=\"section\" data-e-type=\"section\">\n\t\t\t\t\t\t<div class=\"elementor-container elementor-column-gap-default\">\n\t\t\t\t\t<div class=\"elementor-column elementor-col-50 elementor-top-column elementor-element elementor-element-bce04d9\" data-id=\"bce04d9\" data-element_type=\"column\" data-e-type=\"column\" data-settings=\"{&quot;background_background&quot;:&quot;classic&quot;}\">\n\t\t\t<div class=\"elementor-widget-wrap elementor-element-populated\">\n\t\t\t\t\t\t<div class=\"elementor-element elementor-element-0b620fb elementor-widget elementor-widget-spacer\" data-id=\"0b620fb\" data-element_type=\"widget\" data-e-type=\"widget\" data-widget_type=\"spacer.default\">\n\t\t\t\t<div class=\"elementor-widget-container\">\n\t\t\t\t\t\t\t<div class=\"elementor-spacer\">\n\t\t\t<div class=\"elementor-spacer-inner\"><\/div>\n\t\t<\/div>\n\t\t\t\t\t\t<\/div>\n\t\t\t\t<\/div>\n\t\t\t\t\t<\/div>\n\t\t<\/div>\n\t\t\t\t<div class=\"elementor-column elementor-col-50 elementor-top-column elementor-element elementor-element-b727b00\" data-id=\"b727b00\" data-element_type=\"column\" data-e-type=\"column\">\n\t\t\t<div class=\"elementor-widget-wrap elementor-element-populated\">\n\t\t\t\t\t\t<div class=\"elementor-element elementor-element-e0147c7 elementor-widget elementor-widget-heading\" data-id=\"e0147c7\" data-element_type=\"widget\" data-e-type=\"widget\" data-widget_type=\"heading.default\">\n\t\t\t\t<div class=\"elementor-widget-container\">\n\t\t\t\t\t<h2 class=\"elementor-heading-title elementor-size-default\">real-life applications<\/h2>\t\t\t\t<\/div>\n\t\t\t\t<\/div>\n\t\t\t\t<div class=\"elementor-element elementor-element-6d22bc7 elementor-widget elementor-widget-text-editor\" data-id=\"6d22bc7\" data-element_type=\"widget\" data-e-type=\"widget\" data-widget_type=\"text-editor.default\">\n\t\t\t\t<div class=\"elementor-widget-container\">\n\t\t\t\t\t\t\t\t\t<p>Arbane Groupe's offering is designed to meet market demand by integrating respect for the environment and related issues:&nbsp;<\/p>\n<p>- Eco-design: the products designed and manufactured by Arbane Groupe optimise the use of raw materials and resources.<\/p>\n<p>- Optimising the supply chain: selecting local suppliers, limiting the number of intermediaries.<\/p>\n<p>- Optimising energy consumption during product use: by designing and producing high-quality sound systems, Arbane Groupe limits energy consumption by selecting efficient components and high-performance, energy-efficient amplification technologies.<\/p>\t\t\t\t\t\t\t\t<\/div>\n\t\t\t\t<\/div>\n\t\t\t\t\t<\/div>\n\t\t<\/div>\n\t\t\t\t\t<\/div>\n\t\t<\/section>\n\t\t\t\t<section class=\"elementor-section elementor-top-section elementor-element elementor-element-ecfd15b elementor-section-boxed elementor-section-height-default elementor-section-height-default\" data-id=\"ecfd15b\" data-element_type=\"section\" data-e-type=\"section\">\n\t\t\t\t\t\t<div class=\"elementor-container elementor-column-gap-default\">\n\t\t\t\t\t<div class=\"elementor-column elementor-col-100 elementor-top-column elementor-element elementor-element-a2b78b0\" data-id=\"a2b78b0\" data-element_type=\"column\" data-e-type=\"column\">\n\t\t\t<div class=\"elementor-widget-wrap elementor-element-populated\">\n\t\t\t\t\t\t<section class=\"elementor-section elementor-inner-section elementor-element elementor-element-4a4618e elementor-section-boxed elementor-section-height-default elementor-section-height-default\" data-id=\"4a4618e\" data-element_type=\"section\" data-e-type=\"section\">\n\t\t\t\t\t\t<div class=\"elementor-container elementor-column-gap-wide\">\n\t\t\t\t\t<div class=\"elementor-column elementor-col-33 elementor-inner-column elementor-element elementor-element-0d7f319\" data-id=\"0d7f319\" data-element_type=\"column\" data-e-type=\"column\">\n\t\t\t<div class=\"elementor-widget-wrap elementor-element-populated\">\n\t\t\t\t\t\t<div class=\"elementor-element elementor-element-6970925 elementor-widget elementor-widget-image\" data-id=\"6970925\" data-element_type=\"widget\" data-e-type=\"widget\" data-widget_type=\"image.default\">\n\t\t\t\t<div class=\"elementor-widget-container\">\n\t\t\t\t\t\t\t\t\t\t\t\t\t\t\t<img fetchpriority=\"high\" decoding=\"async\" width=\"1000\" height=\"1000\" src=\"https:\/\/apg.audio\/wp-content\/uploads\/2024\/12\/made-in-france.webp\" class=\"attachment-full size-full wp-image-4810\" alt=\"\" srcset=\"https:\/\/apg.audio\/wp-content\/uploads\/2024\/12\/made-in-france.webp 1000w, https:\/\/apg.audio\/wp-content\/uploads\/2024\/12\/made-in-france-300x300.webp 300w, https:\/\/apg.audio\/wp-content\/uploads\/2024\/12\/made-in-france-150x150.webp 150w, https:\/\/apg.audio\/wp-content\/uploads\/2024\/12\/made-in-france-768x768.webp 768w\" sizes=\"(max-width: 1000px) 100vw, 1000px\" \/>\t\t\t\t\t\t\t\t\t\t\t\t\t\t\t<\/div>\n\t\t\t\t<\/div>\n\t\t\t\t<div class=\"elementor-element elementor-element-9c5411f elementor-widget elementor-widget-heading\" data-id=\"9c5411f\" data-element_type=\"widget\" data-e-type=\"widget\" data-widget_type=\"heading.default\">\n\t\t\t\t<div class=\"elementor-widget-container\">\n\t\t\t\t\t<h2 class=\"elementor-heading-title elementor-size-default\">MADE IN FRANCE<\/h2>\t\t\t\t<\/div>\n\t\t\t\t<\/div>\n\t\t\t\t<div class=\"elementor-element elementor-element-bd48598 elementor-widget__width-initial elementor-widget elementor-widget-text-editor\" data-id=\"bd48598\" data-element_type=\"widget\" data-e-type=\"widget\" data-widget_type=\"text-editor.default\">\n\t\t\t\t<div class=\"elementor-widget-container\">\n\t\t\t\t\t\t\t\t\t<p>All our products are manufactured in our Bouguenais plant.<\/p>\t\t\t\t\t\t\t\t<\/div>\n\t\t\t\t<\/div>\n\t\t\t\t\t<\/div>\n\t\t<\/div>\n\t\t\t\t<div class=\"elementor-column elementor-col-33 elementor-inner-column elementor-element elementor-element-82e2f17\" data-id=\"82e2f17\" data-element_type=\"column\" data-e-type=\"column\">\n\t\t\t<div class=\"elementor-widget-wrap elementor-element-populated\">\n\t\t\t\t\t\t<div class=\"elementor-element elementor-element-b8035fb elementor-widget elementor-widget-image\" data-id=\"b8035fb\" data-element_type=\"widget\" data-e-type=\"widget\" data-widget_type=\"image.default\">\n\t\t\t\t<div class=\"elementor-widget-container\">\n\t\t\t\t\t\t\t\t\t\t\t\t\t\t\t<img decoding=\"async\" width=\"1000\" height=\"1000\" src=\"https:\/\/apg.audio\/wp-content\/uploads\/2024\/12\/garantie.webp\" class=\"attachment-full size-full wp-image-4811\" alt=\"\" srcset=\"https:\/\/apg.audio\/wp-content\/uploads\/2024\/12\/garantie.webp 1000w, https:\/\/apg.audio\/wp-content\/uploads\/2024\/12\/garantie-300x300.webp 300w, https:\/\/apg.audio\/wp-content\/uploads\/2024\/12\/garantie-150x150.webp 150w, https:\/\/apg.audio\/wp-content\/uploads\/2024\/12\/garantie-768x768.webp 768w\" sizes=\"(max-width: 1000px) 100vw, 1000px\" \/>\t\t\t\t\t\t\t\t\t\t\t\t\t\t\t<\/div>\n\t\t\t\t<\/div>\n\t\t\t\t<div class=\"elementor-element elementor-element-4f1da8e elementor-widget elementor-widget-heading\" data-id=\"4f1da8e\" data-element_type=\"widget\" data-e-type=\"widget\" data-widget_type=\"heading.default\">\n\t\t\t\t<div class=\"elementor-widget-container\">\n\t\t\t\t\t<h2 class=\"elementor-heading-title elementor-size-default\">5-YEAR GUARANTEE<\/h2>\t\t\t\t<\/div>\n\t\t\t\t<\/div>\n\t\t\t\t<div class=\"elementor-element elementor-element-c4d2fc6 elementor-widget elementor-widget-text-editor\" data-id=\"c4d2fc6\" data-element_type=\"widget\" data-e-type=\"widget\" data-widget_type=\"text-editor.default\">\n\t\t\t\t<div class=\"elementor-widget-container\">\n\t\t\t\t\t\t\t\t\tAll our products are guaranteed<br> 5 years\t\t\t\t\t\t\t\t<\/div>\n\t\t\t\t<\/div>\n\t\t\t\t\t<\/div>\n\t\t<\/div>\n\t\t\t\t<div class=\"elementor-column elementor-col-33 elementor-inner-column elementor-element elementor-element-8a165e3\" data-id=\"8a165e3\" data-element_type=\"column\" data-e-type=\"column\">\n\t\t\t<div class=\"elementor-widget-wrap elementor-element-populated\">\n\t\t\t\t\t\t<div class=\"elementor-element elementor-element-f8a1064 elementor-widget elementor-widget-image\" data-id=\"f8a1064\" data-element_type=\"widget\" data-e-type=\"widget\" data-widget_type=\"image.default\">\n\t\t\t\t<div class=\"elementor-widget-container\">\n\t\t\t\t\t\t\t\t\t\t\t\t\t\t\t<img decoding=\"async\" width=\"1000\" height=\"1000\" src=\"https:\/\/apg.audio\/wp-content\/uploads\/2024\/12\/Sans-titre-1.webp\" class=\"attachment-full size-full wp-image-4812\" alt=\"\" \/>\t\t\t\t\t\t\t\t\t\t\t\t\t\t\t<\/div>\n\t\t\t\t<\/div>\n\t\t\t\t<div class=\"elementor-element elementor-element-884d9bf elementor-widget elementor-widget-heading\" data-id=\"884d9bf\" data-element_type=\"widget\" data-e-type=\"widget\" data-widget_type=\"heading.default\">\n\t\t\t\t<div class=\"elementor-widget-container\">\n\t\t\t\t\t<h2 class=\"elementor-heading-title elementor-size-default\">REPARABILITY INDEX<\/h2>\t\t\t\t<\/div>\n\t\t\t\t<\/div>\n\t\t\t\t<div class=\"elementor-element elementor-element-a1a893a elementor-widget elementor-widget-text-editor\" data-id=\"a1a893a\" data-element_type=\"widget\" data-e-type=\"widget\" data-widget_type=\"text-editor.default\">\n\t\t\t\t<div class=\"elementor-widget-container\">\n\t\t\t\t\t\t\t\t\t<p>The majority of our products have a repairability index of 9\/10.<\/p>\t\t\t\t\t\t\t\t<\/div>\n\t\t\t\t<\/div>\n\t\t\t\t\t<\/div>\n\t\t<\/div>\n\t\t\t\t\t<\/div>\n\t\t<\/section>\n\t\t\t\t\t<\/div>\n\t\t<\/div>\n\t\t\t\t\t<\/div>\n\t\t<\/section>\n\t\t\t\t<\/div>","protected":false},"excerpt":{"rendered":"<p>NOS VALEURS, NOS ENGAGEMENTS LE D\u00c9veloppement durable au coeur de la strat\u00e9gie \u00ab\u00a0Le d\u00e9veloppement durable est au centre des valeurs d\u2019Arbane Groupe, concepteur et fabricant fran\u00e7ais de syst\u00e8mes de sonorisation de lieux publics.\u00a0 Penser le long terme plut\u00f4t que le gain de court terme est une n\u00e9cessit\u00e9 pour l\u2019humanit\u00e9, pour l\u2019entreprise et pour les Hommes. [&hellip;]<\/p>\n","protected":false},"author":1,"featured_media":0,"parent":0,"menu_order":0,"comment_status":"closed","ping_status":"closed","template":"elementor_header_footer","meta":{"inline_featured_image":false,"footnotes":""},"class_list":["post-57","page","type-page","status-publish","hentry"],"yoast_head":"<!-- This site is optimized with the Yoast SEO plugin v27.4 - https:\/\/yoast.com\/product\/yoast-seo-wordpress\/ -->\n<title>Nos Engagements - APG<\/title>\n<meta name=\"robots\" content=\"index, follow, max-snippet:-1, max-image-preview:large, max-video-preview:-1\" \/>\n<link rel=\"canonical\" href=\"https:\/\/apg.audio\/en\/our-commitments\/\" \/>\n<meta property=\"og:locale\" content=\"en_GB\" \/>\n<meta property=\"og:type\" content=\"article\" \/>\n<meta property=\"og:title\" content=\"Nos Engagements - APG\" \/>\n<meta property=\"og:description\" content=\"NOS VALEURS, NOS ENGAGEMENTS LE D\u00c9veloppement durable au coeur de la strat\u00e9gie \u00ab\u00a0Le d\u00e9veloppement durable est au centre des valeurs d\u2019Arbane Groupe, concepteur et fabricant fran\u00e7ais de syst\u00e8mes de sonorisation de lieux publics.\u00a0 Penser le long terme plut\u00f4t que le gain de court terme est une n\u00e9cessit\u00e9 pour l\u2019humanit\u00e9, pour l\u2019entreprise et pour les Hommes. [&hellip;]\" \/>\n<meta property=\"og:url\" content=\"https:\/\/apg.audio\/en\/our-commitments\/\" \/>\n<meta property=\"og:site_name\" content=\"APG\" \/>\n<meta property=\"article:modified_time\" content=\"2025-10-14T12:08:15+00:00\" \/>\n<meta property=\"og:image\" content=\"https:\/\/apg.audio\/wp-content\/uploads\/2024\/12\/made-in-france.webp\" \/>\n<meta name=\"twitter:card\" content=\"summary_large_image\" \/>\n<meta name=\"twitter:label1\" content=\"Estimated reading time\" \/>\n\t<meta name=\"twitter:data1\" content=\"2 minutes\" \/>\n<script type=\"application\/ld+json\" class=\"yoast-schema-graph\">{\"@context\":\"https:\\\/\\\/schema.org\",\"@graph\":[{\"@type\":\"WebPage\",\"@id\":\"https:\\\/\\\/apg.audio\\\/nos-engagements\\\/\",\"url\":\"https:\\\/\\\/apg.audio\\\/nos-engagements\\\/\",\"name\":\"Nos Engagements - APG\",\"isPartOf\":{\"@id\":\"https:\\\/\\\/apg.audio\\\/#website\"},\"primaryImageOfPage\":{\"@id\":\"https:\\\/\\\/apg.audio\\\/nos-engagements\\\/#primaryimage\"},\"image\":{\"@id\":\"https:\\\/\\\/apg.audio\\\/nos-engagements\\\/#primaryimage\"},\"thumbnailUrl\":\"https:\\\/\\\/apg.audio\\\/wp-content\\\/uploads\\\/2024\\\/12\\\/made-in-france.webp\",\"datePublished\":\"2024-06-18T09:19:33+00:00\",\"dateModified\":\"2025-10-14T12:08:15+00:00\",\"breadcrumb\":{\"@id\":\"https:\\\/\\\/apg.audio\\\/nos-engagements\\\/#breadcrumb\"},\"inLanguage\":\"en-GB\",\"potentialAction\":[{\"@type\":\"ReadAction\",\"target\":[\"https:\\\/\\\/apg.audio\\\/nos-engagements\\\/\"]}]},{\"@type\":\"ImageObject\",\"inLanguage\":\"en-GB\",\"@id\":\"https:\\\/\\\/apg.audio\\\/nos-engagements\\\/#primaryimage\",\"url\":\"https:\\\/\\\/apg.audio\\\/wp-content\\\/uploads\\\/2024\\\/12\\\/made-in-france.webp\",\"contentUrl\":\"https:\\\/\\\/apg.audio\\\/wp-content\\\/uploads\\\/2024\\\/12\\\/made-in-france.webp\"},{\"@type\":\"BreadcrumbList\",\"@id\":\"https:\\\/\\\/apg.audio\\\/nos-engagements\\\/#breadcrumb\",\"itemListElement\":[{\"@type\":\"ListItem\",\"position\":1,\"name\":\"Accueil\",\"item\":\"https:\\\/\\\/apg.audio\\\/\"},{\"@type\":\"ListItem\",\"position\":2,\"name\":\"Nos Engagements\"}]},{\"@type\":\"WebSite\",\"@id\":\"https:\\\/\\\/apg.audio\\\/#website\",\"url\":\"https:\\\/\\\/apg.audio\\\/\",\"name\":\"APG\",\"description\":\"\",\"publisher\":{\"@id\":\"https:\\\/\\\/apg.audio\\\/#organization\"},\"potentialAction\":[{\"@type\":\"SearchAction\",\"target\":{\"@type\":\"EntryPoint\",\"urlTemplate\":\"https:\\\/\\\/apg.audio\\\/?s={search_term_string}\"},\"query-input\":{\"@type\":\"PropertyValueSpecification\",\"valueRequired\":true,\"valueName\":\"search_term_string\"}}],\"inLanguage\":\"en-GB\"},{\"@type\":\"Organization\",\"@id\":\"https:\\\/\\\/apg.audio\\\/#organization\",\"name\":\"APG\",\"url\":\"https:\\\/\\\/apg.audio\\\/\",\"logo\":{\"@type\":\"ImageObject\",\"inLanguage\":\"en-GB\",\"@id\":\"https:\\\/\\\/apg.audio\\\/#\\\/schema\\\/logo\\\/image\\\/\",\"url\":\"https:\\\/\\\/apg.audio\\\/wp-content\\\/uploads\\\/2024\\\/06\\\/Logo_APG_blanc_FLECHE-bleue.webp\",\"contentUrl\":\"https:\\\/\\\/apg.audio\\\/wp-content\\\/uploads\\\/2024\\\/06\\\/Logo_APG_blanc_FLECHE-bleue.webp\",\"width\":592,\"height\":204,\"caption\":\"APG\"},\"image\":{\"@id\":\"https:\\\/\\\/apg.audio\\\/#\\\/schema\\\/logo\\\/image\\\/\"},\"sameAs\":[\"https:\\\/\\\/www.linkedin.com\\\/company\\\/apg_2\\\/\"]}]}<\/script>\n<!-- \/ Yoast SEO plugin. -->","yoast_head_json":{"title":"Our commitments - APG","robots":{"index":"index","follow":"follow","max-snippet":"max-snippet:-1","max-image-preview":"max-image-preview:large","max-video-preview":"max-video-preview:-1"},"canonical":"https:\/\/apg.audio\/en\/our-commitments\/","og_locale":"en_GB","og_type":"article","og_title":"Nos Engagements - APG","og_description":"NOS VALEURS, NOS ENGAGEMENTS LE D\u00c9veloppement durable au coeur de la strat\u00e9gie \u00ab\u00a0Le d\u00e9veloppement durable est au centre des valeurs d\u2019Arbane Groupe, concepteur et fabricant fran\u00e7ais de syst\u00e8mes de sonorisation de lieux publics.\u00a0 Penser le long terme plut\u00f4t que le gain de court terme est une n\u00e9cessit\u00e9 pour l\u2019humanit\u00e9, pour l\u2019entreprise et pour les Hommes. [&hellip;]","og_url":"https:\/\/apg.audio\/en\/our-commitments\/","og_site_name":"APG","article_modified_time":"2025-10-14T12:08:15+00:00","og_image":[{"url":"https:\/\/apg.audio\/wp-content\/uploads\/2024\/12\/made-in-france.webp","type":"","width":"","height":""}],"twitter_card":"summary_large_image","twitter_misc":{"Estimated reading time":"2 minutes"},"schema":{"@context":"https:\/\/schema.org","@graph":[{"@type":"WebPage","@id":"https:\/\/apg.audio\/nos-engagements\/","url":"https:\/\/apg.audio\/nos-engagements\/","name":"Our commitments - APG","isPartOf":{"@id":"https:\/\/apg.audio\/#website"},"primaryImageOfPage":{"@id":"https:\/\/apg.audio\/nos-engagements\/#primaryimage"},"image":{"@id":"https:\/\/apg.audio\/nos-engagements\/#primaryimage"},"thumbnailUrl":"https:\/\/apg.audio\/wp-content\/uploads\/2024\/12\/made-in-france.webp","datePublished":"2024-06-18T09:19:33+00:00","dateModified":"2025-10-14T12:08:15+00:00","breadcrumb":{"@id":"https:\/\/apg.audio\/nos-engagements\/#breadcrumb"},"inLanguage":"en-GB","potentialAction":[{"@type":"ReadAction","target":["https:\/\/apg.audio\/nos-engagements\/"]}]},{"@type":"ImageObject","inLanguage":"en-GB","@id":"https:\/\/apg.audio\/nos-engagements\/#primaryimage","url":"https:\/\/apg.audio\/wp-content\/uploads\/2024\/12\/made-in-france.webp","contentUrl":"https:\/\/apg.audio\/wp-content\/uploads\/2024\/12\/made-in-france.webp"},{"@type":"BreadcrumbList","@id":"https:\/\/apg.audio\/nos-engagements\/#breadcrumb","itemListElement":[{"@type":"ListItem","position":1,"name":"Accueil","item":"https:\/\/apg.audio\/"},{"@type":"ListItem","position":2,"name":"Nos Engagements"}]},{"@type":"WebSite","@id":"https:\/\/apg.audio\/#website","url":"https:\/\/apg.audio\/","name":"APG","description":"","publisher":{"@id":"https:\/\/apg.audio\/#organization"},"potentialAction":[{"@type":"SearchAction","target":{"@type":"EntryPoint","urlTemplate":"https:\/\/apg.audio\/?s={search_term_string}"},"query-input":{"@type":"PropertyValueSpecification","valueRequired":true,"valueName":"search_term_string"}}],"inLanguage":"en-GB"},{"@type":"Organization","@id":"https:\/\/apg.audio\/#organization","name":"APG","url":"https:\/\/apg.audio\/","logo":{"@type":"ImageObject","inLanguage":"en-GB","@id":"https:\/\/apg.audio\/#\/schema\/logo\/image\/","url":"https:\/\/apg.audio\/wp-content\/uploads\/2024\/06\/Logo_APG_blanc_FLECHE-bleue.webp","contentUrl":"https:\/\/apg.audio\/wp-content\/uploads\/2024\/06\/Logo_APG_blanc_FLECHE-bleue.webp","width":592,"height":204,"caption":"APG"},"image":{"@id":"https:\/\/apg.audio\/#\/schema\/logo\/image\/"},"sameAs":["https:\/\/www.linkedin.com\/company\/apg_2\/"]}]}},"_links":{"self":[{"href":"https:\/\/apg.audio\/en\/wp-json\/wp\/v2\/pages\/57","targetHints":{"allow":["GET"]}}],"collection":[{"href":"https:\/\/apg.audio\/en\/wp-json\/wp\/v2\/pages"}],"about":[{"href":"https:\/\/apg.audio\/en\/wp-json\/wp\/v2\/types\/page"}],"author":[{"embeddable":true,"href":"https:\/\/apg.audio\/en\/wp-json\/wp\/v2\/users\/1"}],"replies":[{"embeddable":true,"href":"https:\/\/apg.audio\/en\/wp-json\/wp\/v2\/comments?post=57"}],"version-history":[{"count":9,"href":"https:\/\/apg.audio\/en\/wp-json\/wp\/v2\/pages\/57\/revisions"}],"predecessor-version":[{"id":12424,"href":"https:\/\/apg.audio\/en\/wp-json\/wp\/v2\/pages\/57\/revisions\/12424"}],"wp:attachment":[{"href":"https:\/\/apg.audio\/en\/wp-json\/wp\/v2\/media?parent=57"}],"curies":[{"name":"wp","href":"https:\/\/api.w.org\/{rel}","templated":true}]}}