{"id":77,"date":"2024-06-18T11:32:48","date_gmt":"2024-06-18T09:32:48","guid":{"rendered":"https:\/\/slategrey-mosquito-607624.hostingersite.com\/?page_id=77"},"modified":"2025-05-14T11:15:18","modified_gmt":"2025-05-14T09:15:18","slug":"design-and-configuration","status":"publish","type":"page","link":"https:\/\/apg.audio\/en\/etude-et-configuration\/","title":{"rendered":"Study and configuration"},"content":{"rendered":"<div data-elementor-type=\"wp-page\" data-elementor-id=\"77\" class=\"elementor elementor-77\" data-elementor-post-type=\"page\">\n\t\t\t\t\t\t<section class=\"elementor-section elementor-top-section elementor-element elementor-element-6fd2923 elementor-section-height-min-height elementor-section-boxed elementor-section-height-default elementor-section-items-middle\" data-id=\"6fd2923\" data-element_type=\"section\" data-e-type=\"section\" data-settings=\"{&quot;background_background&quot;:&quot;video&quot;,&quot;background_video_link&quot;:&quot;http:\\\/\\\/apg.audio\\\/wp-content\\\/uploads\\\/2025\\\/02\\\/Alliance-APASE-Arbane-V1-1.mp4&quot;,&quot;background_play_on_mobile&quot;:&quot;yes&quot;}\">\n\t\t\t\t\t\t\t\t<div class=\"elementor-background-video-container\">\n\t\t\t\t\t\t\t\t\t\t\t\t\t<video class=\"elementor-background-video-hosted\" role=\"presentation\" autoplay muted playsinline loop><\/video>\n\t\t\t\t\t\t\t\t\t\t\t<\/div>\n\t\t\t\t\t\t\t\t<div class=\"elementor-container elementor-column-gap-default\">\n\t\t\t\t\t<div class=\"elementor-column elementor-col-100 elementor-top-column elementor-element elementor-element-7b70ead\" data-id=\"7b70ead\" data-element_type=\"column\" data-e-type=\"column\">\n\t\t\t<div class=\"elementor-widget-wrap elementor-element-populated\">\n\t\t\t\t\t\t<div class=\"elementor-element elementor-element-51999e8 elementor-widget elementor-widget-spacer\" data-id=\"51999e8\" data-element_type=\"widget\" data-e-type=\"widget\" data-widget_type=\"spacer.default\">\n\t\t\t\t<div class=\"elementor-widget-container\">\n\t\t\t\t\t\t\t<div class=\"elementor-spacer\">\n\t\t\t<div class=\"elementor-spacer-inner\"><\/div>\n\t\t<\/div>\n\t\t\t\t\t\t<\/div>\n\t\t\t\t<\/div>\n\t\t\t\t<div class=\"elementor-element elementor-element-1bcf926 elementor-widget elementor-widget-heading\" data-id=\"1bcf926\" data-element_type=\"widget\" data-e-type=\"widget\" data-widget_type=\"heading.default\">\n\t\t\t\t<div class=\"elementor-widget-container\">\n\t\t\t\t\t<h2 class=\"elementor-heading-title elementor-size-default\">RESEARCH AND SUPPORT<\/h2>\t\t\t\t<\/div>\n\t\t\t\t<\/div>\n\t\t\t\t\t<\/div>\n\t\t<\/div>\n\t\t\t\t\t<\/div>\n\t\t<\/section>\n\t\t\t\t<section class=\"elementor-section elementor-top-section elementor-element elementor-element-e9a1671 elementor-section-full_width elementor-section-height-default elementor-section-height-default\" data-id=\"e9a1671\" data-element_type=\"section\" data-e-type=\"section\">\n\t\t\t\t\t\t<div class=\"elementor-container elementor-column-gap-default\">\n\t\t\t\t\t<div class=\"elementor-column elementor-col-50 elementor-top-column elementor-element elementor-element-df73ca8\" data-id=\"df73ca8\" data-element_type=\"column\" data-e-type=\"column\">\n\t\t\t<div class=\"elementor-widget-wrap elementor-element-populated\">\n\t\t\t\t\t\t<div class=\"elementor-element elementor-element-7578080 elementor-widget elementor-widget-heading\" data-id=\"7578080\" data-element_type=\"widget\" data-e-type=\"widget\" data-widget_type=\"heading.default\">\n\t\t\t\t<div class=\"elementor-widget-container\">\n\t\t\t\t\t<h2 class=\"elementor-heading-title elementor-size-default\">PROJECT STUDY <\/h2>\t\t\t\t<\/div>\n\t\t\t\t<\/div>\n\t\t\t\t<div class=\"elementor-element elementor-element-4c287bc elementor-widget elementor-widget-text-editor\" data-id=\"4c287bc\" data-element_type=\"widget\" data-e-type=\"widget\" data-widget_type=\"text-editor.default\">\n\t\t\t\t<div class=\"elementor-widget-container\">\n\t\t\t\t\t\t\t\t\t<p>Whatever the intrinsic performance of a sound system, the quality of an installation depends on the choice of the type of loudspeakers, their location, the care taken in setting them up on site and, finally, the way the technicians use the system.<\/p><p>APG Application Engineers combine their mastery of APG products with the skills of operators in the field to ensure that the technical solution is adapted as closely as possible to all the technical and economic criteria of sound system projects.<\/p>\t\t\t\t\t\t\t\t<\/div>\n\t\t\t\t<\/div>\n\t\t\t\t\t<\/div>\n\t\t<\/div>\n\t\t\t\t<div class=\"elementor-column elementor-col-50 elementor-top-column elementor-element elementor-element-378f366\" data-id=\"378f366\" data-element_type=\"column\" data-e-type=\"column\" data-settings=\"{&quot;background_background&quot;:&quot;classic&quot;}\">\n\t\t\t<div class=\"elementor-widget-wrap elementor-element-populated\">\n\t\t\t\t\t\t<div class=\"elementor-element elementor-element-ade2381 elementor-widget elementor-widget-spacer\" data-id=\"ade2381\" data-element_type=\"widget\" data-e-type=\"widget\" data-widget_type=\"spacer.default\">\n\t\t\t\t<div class=\"elementor-widget-container\">\n\t\t\t\t\t\t\t<div class=\"elementor-spacer\">\n\t\t\t<div class=\"elementor-spacer-inner\"><\/div>\n\t\t<\/div>\n\t\t\t\t\t\t<\/div>\n\t\t\t\t<\/div>\n\t\t\t\t\t<\/div>\n\t\t<\/div>\n\t\t\t\t\t<\/div>\n\t\t<\/section>\n\t\t\t\t<section class=\"elementor-section elementor-top-section elementor-element elementor-element-890eaae elementor-section-full_width elementor-reverse-mobile elementor-section-height-default elementor-section-height-default\" data-id=\"890eaae\" data-element_type=\"section\" data-e-type=\"section\">\n\t\t\t\t\t\t<div class=\"elementor-container elementor-column-gap-default\">\n\t\t\t\t\t<div class=\"elementor-column elementor-col-50 elementor-top-column elementor-element elementor-element-7e2b6b0\" data-id=\"7e2b6b0\" data-element_type=\"column\" data-e-type=\"column\" data-settings=\"{&quot;background_background&quot;:&quot;classic&quot;}\">\n\t\t\t<div class=\"elementor-widget-wrap elementor-element-populated\">\n\t\t\t\t\t\t<div class=\"elementor-element elementor-element-91b8f91 elementor-widget elementor-widget-spacer\" data-id=\"91b8f91\" data-element_type=\"widget\" data-e-type=\"widget\" data-widget_type=\"spacer.default\">\n\t\t\t\t<div class=\"elementor-widget-container\">\n\t\t\t\t\t\t\t<div class=\"elementor-spacer\">\n\t\t\t<div class=\"elementor-spacer-inner\"><\/div>\n\t\t<\/div>\n\t\t\t\t\t\t<\/div>\n\t\t\t\t<\/div>\n\t\t\t\t\t<\/div>\n\t\t<\/div>\n\t\t\t\t<div class=\"elementor-column elementor-col-50 elementor-top-column elementor-element elementor-element-87068d8\" data-id=\"87068d8\" data-element_type=\"column\" data-e-type=\"column\">\n\t\t\t<div class=\"elementor-widget-wrap elementor-element-populated\">\n\t\t\t\t\t\t<div class=\"elementor-element elementor-element-cb325ce elementor-widget elementor-widget-heading\" data-id=\"cb325ce\" data-element_type=\"widget\" data-e-type=\"widget\" data-widget_type=\"heading.default\">\n\t\t\t\t<div class=\"elementor-widget-container\">\n\t\t\t\t\t<h2 class=\"elementor-heading-title elementor-size-default\">commissioning assistance<\/h2>\t\t\t\t<\/div>\n\t\t\t\t<\/div>\n\t\t\t\t<div class=\"elementor-element elementor-element-d94b272 elementor-widget elementor-widget-text-editor\" data-id=\"d94b272\" data-element_type=\"widget\" data-e-type=\"widget\" data-widget_type=\"text-editor.default\">\n\t\t\t\t<div class=\"elementor-widget-container\">\n\t\t\t\t\t\t\t\t\t<p class=\"MsoNormal\">In addition to studies and technical advice, APG Application Engineers also provide on-site support during system commissioning.<br \/>On-site work includes checking that the equipment has been installed, commissioning the system, adjusting the equipment and electro-acoustically calibrating the system to suit the location and type of application.<br \/>At the same time, APG is training the technical staff responsible for operating the equipment.<\/p>\t\t\t\t\t\t\t\t<\/div>\n\t\t\t\t<\/div>\n\t\t\t\t\t<\/div>\n\t\t<\/div>\n\t\t\t\t\t<\/div>\n\t\t<\/section>\n\t\t\t\t<section class=\"elementor-section elementor-top-section elementor-element elementor-element-ba3aa1e elementor-section-full_width elementor-section-height-default elementor-section-height-default\" data-id=\"ba3aa1e\" data-element_type=\"section\" data-e-type=\"section\">\n\t\t\t\t\t\t<div class=\"elementor-container elementor-column-gap-default\">\n\t\t\t\t\t<div class=\"elementor-column elementor-col-50 elementor-top-column elementor-element elementor-element-551f82f\" data-id=\"551f82f\" data-element_type=\"column\" data-e-type=\"column\">\n\t\t\t<div class=\"elementor-widget-wrap elementor-element-populated\">\n\t\t\t\t\t\t<div class=\"elementor-element elementor-element-509c577 elementor-widget elementor-widget-heading\" data-id=\"509c577\" data-element_type=\"widget\" data-e-type=\"widget\" data-widget_type=\"heading.default\">\n\t\t\t\t<div class=\"elementor-widget-container\">\n\t\t\t\t\t<h2 class=\"elementor-heading-title elementor-size-default\">technical assistance<\/h2>\t\t\t\t<\/div>\n\t\t\t\t<\/div>\n\t\t\t\t<div class=\"elementor-element elementor-element-2148784 elementor-widget elementor-widget-text-editor\" data-id=\"2148784\" data-element_type=\"widget\" data-e-type=\"widget\" data-widget_type=\"text-editor.default\">\n\t\t\t\t<div class=\"elementor-widget-container\">\n\t\t\t\t\t\t\t\t\t<p>On the basis of the operating description and your own study of the system and acoustic coverage, APG Application Engineers will send you a validation of your project or possible optimisations directly on the simulations as well as on the configuration of the system.<\/p>\t\t\t\t\t\t\t\t<\/div>\n\t\t\t\t<\/div>\n\t\t\t\t\t<\/div>\n\t\t<\/div>\n\t\t\t\t<div class=\"elementor-column elementor-col-50 elementor-top-column elementor-element elementor-element-f233410\" data-id=\"f233410\" data-element_type=\"column\" data-e-type=\"column\" data-settings=\"{&quot;background_background&quot;:&quot;classic&quot;}\">\n\t\t\t<div class=\"elementor-widget-wrap elementor-element-populated\">\n\t\t\t\t\t\t<div class=\"elementor-element elementor-element-8e6972f elementor-widget elementor-widget-spacer\" data-id=\"8e6972f\" data-element_type=\"widget\" data-e-type=\"widget\" data-widget_type=\"spacer.default\">\n\t\t\t\t<div class=\"elementor-widget-container\">\n\t\t\t\t\t\t\t<div class=\"elementor-spacer\">\n\t\t\t<div class=\"elementor-spacer-inner\"><\/div>\n\t\t<\/div>\n\t\t\t\t\t\t<\/div>\n\t\t\t\t<\/div>\n\t\t\t\t\t<\/div>\n\t\t<\/div>\n\t\t\t\t\t<\/div>\n\t\t<\/section>\n\t\t\t\t<\/div>","protected":false},"excerpt":{"rendered":"<p>\u00c9TUDE ET SUPPORT ETUDE DE PROJETS Quelles que soient les performances intrins\u00e8ques d&rsquo;un syst\u00e8me de sonorisation, la qualit\u00e9 d&rsquo;une installation d\u00e9pend du choix du type d&rsquo;enceintes, de leur implantation ainsi que du soin apport\u00e9 au r\u00e9glage sur site et enfin de la mani\u00e8re d&rsquo;utiliser le syst\u00e8me par les techniciens. Les Ing\u00e9nieurs d&rsquo;Application APG associent leur [&hellip;]<\/p>\n","protected":false},"author":1,"featured_media":0,"parent":0,"menu_order":1,"comment_status":"closed","ping_status":"closed","template":"elementor_header_footer","meta":{"inline_featured_image":false,"footnotes":""},"class_list":["post-77","page","type-page","status-publish","hentry"],"yoast_head":"<!-- This site is optimized with the Yoast SEO plugin v27.4 - https:\/\/yoast.com\/product\/yoast-seo-wordpress\/ -->\n<title>Etude et configuration - APG<\/title>\n<meta name=\"robots\" content=\"index, follow, max-snippet:-1, max-image-preview:large, max-video-preview:-1\" \/>\n<link rel=\"canonical\" href=\"https:\/\/apg.audio\/en\/design-and-configuration\/\" \/>\n<meta property=\"og:locale\" content=\"en_GB\" \/>\n<meta property=\"og:type\" content=\"article\" \/>\n<meta property=\"og:title\" content=\"Etude et configuration - APG\" \/>\n<meta property=\"og:description\" content=\"\u00c9TUDE ET SUPPORT ETUDE DE PROJETS Quelles que soient les performances intrins\u00e8ques d&rsquo;un syst\u00e8me de sonorisation, la qualit\u00e9 d&rsquo;une installation d\u00e9pend du choix du type d&rsquo;enceintes, de leur implantation ainsi que du soin apport\u00e9 au r\u00e9glage sur site et enfin de la mani\u00e8re d&rsquo;utiliser le syst\u00e8me par les techniciens. Les Ing\u00e9nieurs d&rsquo;Application APG associent leur [&hellip;]\" \/>\n<meta property=\"og:url\" content=\"https:\/\/apg.audio\/en\/design-and-configuration\/\" \/>\n<meta property=\"og:site_name\" content=\"APG\" \/>\n<meta property=\"article:modified_time\" content=\"2025-05-14T09:15:18+00:00\" \/>\n<meta name=\"twitter:card\" content=\"summary_large_image\" \/>\n<meta name=\"twitter:label1\" content=\"Estimated reading time\" \/>\n\t<meta name=\"twitter:data1\" content=\"2 minutes\" \/>\n<script type=\"application\/ld+json\" class=\"yoast-schema-graph\">{\"@context\":\"https:\\\/\\\/schema.org\",\"@graph\":[{\"@type\":\"WebPage\",\"@id\":\"https:\\\/\\\/apg.audio\\\/en\\\/etude-et-configuration\\\/\",\"url\":\"https:\\\/\\\/apg.audio\\\/en\\\/etude-et-configuration\\\/\",\"name\":\"Etude et configuration - APG\",\"isPartOf\":{\"@id\":\"https:\\\/\\\/apg.audio\\\/#website\"},\"datePublished\":\"2024-06-18T09:32:48+00:00\",\"dateModified\":\"2025-05-14T09:15:18+00:00\",\"breadcrumb\":{\"@id\":\"https:\\\/\\\/apg.audio\\\/en\\\/etude-et-configuration\\\/#breadcrumb\"},\"inLanguage\":\"en-GB\",\"potentialAction\":[{\"@type\":\"ReadAction\",\"target\":[\"https:\\\/\\\/apg.audio\\\/en\\\/etude-et-configuration\\\/\"]}]},{\"@type\":\"BreadcrumbList\",\"@id\":\"https:\\\/\\\/apg.audio\\\/en\\\/etude-et-configuration\\\/#breadcrumb\",\"itemListElement\":[{\"@type\":\"ListItem\",\"position\":1,\"name\":\"Accueil\",\"item\":\"https:\\\/\\\/apg.audio\\\/\"},{\"@type\":\"ListItem\",\"position\":2,\"name\":\"Etude et configuration\"}]},{\"@type\":\"WebSite\",\"@id\":\"https:\\\/\\\/apg.audio\\\/#website\",\"url\":\"https:\\\/\\\/apg.audio\\\/\",\"name\":\"APG\",\"description\":\"\",\"publisher\":{\"@id\":\"https:\\\/\\\/apg.audio\\\/#organization\"},\"potentialAction\":[{\"@type\":\"SearchAction\",\"target\":{\"@type\":\"EntryPoint\",\"urlTemplate\":\"https:\\\/\\\/apg.audio\\\/?s={search_term_string}\"},\"query-input\":{\"@type\":\"PropertyValueSpecification\",\"valueRequired\":true,\"valueName\":\"search_term_string\"}}],\"inLanguage\":\"en-GB\"},{\"@type\":\"Organization\",\"@id\":\"https:\\\/\\\/apg.audio\\\/#organization\",\"name\":\"APG\",\"url\":\"https:\\\/\\\/apg.audio\\\/\",\"logo\":{\"@type\":\"ImageObject\",\"inLanguage\":\"en-GB\",\"@id\":\"https:\\\/\\\/apg.audio\\\/#\\\/schema\\\/logo\\\/image\\\/\",\"url\":\"https:\\\/\\\/apg.audio\\\/wp-content\\\/uploads\\\/2024\\\/06\\\/Logo_APG_blanc_FLECHE-bleue.webp\",\"contentUrl\":\"https:\\\/\\\/apg.audio\\\/wp-content\\\/uploads\\\/2024\\\/06\\\/Logo_APG_blanc_FLECHE-bleue.webp\",\"width\":592,\"height\":204,\"caption\":\"APG\"},\"image\":{\"@id\":\"https:\\\/\\\/apg.audio\\\/#\\\/schema\\\/logo\\\/image\\\/\"},\"sameAs\":[\"https:\\\/\\\/www.linkedin.com\\\/company\\\/apg_2\\\/\"]}]}<\/script>\n<!-- \/ Yoast SEO plugin. -->","yoast_head_json":{"title":"Design and configuration - APG","robots":{"index":"index","follow":"follow","max-snippet":"max-snippet:-1","max-image-preview":"max-image-preview:large","max-video-preview":"max-video-preview:-1"},"canonical":"https:\/\/apg.audio\/en\/design-and-configuration\/","og_locale":"en_GB","og_type":"article","og_title":"Etude et configuration - APG","og_description":"\u00c9TUDE ET SUPPORT ETUDE DE PROJETS Quelles que soient les performances intrins\u00e8ques d&rsquo;un syst\u00e8me de sonorisation, la qualit\u00e9 d&rsquo;une installation d\u00e9pend du choix du type d&rsquo;enceintes, de leur implantation ainsi que du soin apport\u00e9 au r\u00e9glage sur site et enfin de la mani\u00e8re d&rsquo;utiliser le syst\u00e8me par les techniciens. Les Ing\u00e9nieurs d&rsquo;Application APG associent leur [&hellip;]","og_url":"https:\/\/apg.audio\/en\/design-and-configuration\/","og_site_name":"APG","article_modified_time":"2025-05-14T09:15:18+00:00","twitter_card":"summary_large_image","twitter_misc":{"Estimated reading time":"2 minutes"},"schema":{"@context":"https:\/\/schema.org","@graph":[{"@type":"WebPage","@id":"https:\/\/apg.audio\/en\/etude-et-configuration\/","url":"https:\/\/apg.audio\/en\/etude-et-configuration\/","name":"Design and configuration - APG","isPartOf":{"@id":"https:\/\/apg.audio\/#website"},"datePublished":"2024-06-18T09:32:48+00:00","dateModified":"2025-05-14T09:15:18+00:00","breadcrumb":{"@id":"https:\/\/apg.audio\/en\/etude-et-configuration\/#breadcrumb"},"inLanguage":"en-GB","potentialAction":[{"@type":"ReadAction","target":["https:\/\/apg.audio\/en\/etude-et-configuration\/"]}]},{"@type":"BreadcrumbList","@id":"https:\/\/apg.audio\/en\/etude-et-configuration\/#breadcrumb","itemListElement":[{"@type":"ListItem","position":1,"name":"Accueil","item":"https:\/\/apg.audio\/"},{"@type":"ListItem","position":2,"name":"Etude et configuration"}]},{"@type":"WebSite","@id":"https:\/\/apg.audio\/#website","url":"https:\/\/apg.audio\/","name":"APG","description":"","publisher":{"@id":"https:\/\/apg.audio\/#organization"},"potentialAction":[{"@type":"SearchAction","target":{"@type":"EntryPoint","urlTemplate":"https:\/\/apg.audio\/?s={search_term_string}"},"query-input":{"@type":"PropertyValueSpecification","valueRequired":true,"valueName":"search_term_string"}}],"inLanguage":"en-GB"},{"@type":"Organization","@id":"https:\/\/apg.audio\/#organization","name":"APG","url":"https:\/\/apg.audio\/","logo":{"@type":"ImageObject","inLanguage":"en-GB","@id":"https:\/\/apg.audio\/#\/schema\/logo\/image\/","url":"https:\/\/apg.audio\/wp-content\/uploads\/2024\/06\/Logo_APG_blanc_FLECHE-bleue.webp","contentUrl":"https:\/\/apg.audio\/wp-content\/uploads\/2024\/06\/Logo_APG_blanc_FLECHE-bleue.webp","width":592,"height":204,"caption":"APG"},"image":{"@id":"https:\/\/apg.audio\/#\/schema\/logo\/image\/"},"sameAs":["https:\/\/www.linkedin.com\/company\/apg_2\/"]}]}},"_links":{"self":[{"href":"https:\/\/apg.audio\/en\/wp-json\/wp\/v2\/pages\/77","targetHints":{"allow":["GET"]}}],"collection":[{"href":"https:\/\/apg.audio\/en\/wp-json\/wp\/v2\/pages"}],"about":[{"href":"https:\/\/apg.audio\/en\/wp-json\/wp\/v2\/types\/page"}],"author":[{"embeddable":true,"href":"https:\/\/apg.audio\/en\/wp-json\/wp\/v2\/users\/1"}],"replies":[{"embeddable":true,"href":"https:\/\/apg.audio\/en\/wp-json\/wp\/v2\/comments?post=77"}],"version-history":[{"count":6,"href":"https:\/\/apg.audio\/en\/wp-json\/wp\/v2\/pages\/77\/revisions"}],"predecessor-version":[{"id":11399,"href":"https:\/\/apg.audio\/en\/wp-json\/wp\/v2\/pages\/77\/revisions\/11399"}],"wp:attachment":[{"href":"https:\/\/apg.audio\/en\/wp-json\/wp\/v2\/media?parent=77"}],"curies":[{"name":"wp","href":"https:\/\/api.w.org\/{rel}","templated":true}]}}